{"id":12750,"date":"2022-03-22T10:37:01","date_gmt":"2022-03-22T09:37:01","guid":{"rendered":"https:\/\/adties.com\/?post_type=product&#038;p=12750"},"modified":"2025-02-10T20:10:53","modified_gmt":"2025-02-10T19:10:53","slug":"cravatta-extralunga-marrone-azzurro-seta-100-made-in-italy-cod-crx021","status":"publish","type":"product","link":"https:\/\/adties.com\/it\/shop\/cravatta-extralunga-marrone-azzurro-seta-100-made-in-italy-cod-crx021\/","title":{"rendered":"Cravatta Extralunga Marrone-Azzurro seta 100% Made in Italy COD.CRX021"},"content":{"rendered":"<p>[vc_row][vc_column][vc_column_text]Cravatta Extralunga Marrone-Azzurro seta 100% Made in Italy[\/vc_column_text][vc_empty_space height=&#8221;20px&#8221;][vc_column_text]Andrew&#8217;sTies riunisce tradizione e creativit\u00e0 italiane per realizzare un prodotto di alta qualit\u00e0.<\/p>\n<p>Una cravatta classica da aggiungere al tuo guardaroba, la migliore qualit\u00e0 di questi articoli garantisce la loro durata nel tempo e soddisfer\u00e0 anche il pi\u00f9 esigente conoscitore di cravatte.<\/p>\n<p><strong>Tessuto e fatto a mano a Milano, Italia.\u00a0\u00a0<\/strong><\/p>\n<p>Senza tempo e perfetto per il business quotidiano e l&#8217;abbigliamento casual.[\/vc_column_text][\/vc_column][\/vc_row]<\/p>\n","protected":false},"excerpt":{"rendered":"<div class=\"woocommerce-product-details__short-description\">\n<p>CRAVATTA EXTRALUNGA JACQUARD<\/p>\n<p>&nbsp;<\/p>\n<p>\u2013 Cravatta Extralunga Jacquard<\/p>\n<p>\u2013 Fatte a mano<\/p>\n<p>\u2013 100% seta<\/p>\n<p>\u2013 Made in Italy<\/p>\n<\/div>\n","protected":false},"featured_media":17500,"comment_status":"open","ping_status":"closed","template":"","meta":[],"product_brand":[],"product_cat":[930,1032,1024,989,960,931,563,886],"product_tag":[564,991,990,567,569,571],"class_list":{"0":"post-12750","1":"product","2":"type-product","3":"status-publish","4":"has-post-thumbnail","6":"product_cat-brown-background-it","7":"product_cat-classic-design-2-it","8":"product_cat-disegno-classico","9":"product_cat-extralong-ties-it","10":"product_cat-extralunghe","11":"product_cat-fondo-marrone","12":"product_cat-cravatte","13":"product_cat-new-products-it","14":"product_tag-100-seta","15":"product_tag-cravatta-extralunga","16":"product_tag-extralong-ties-it","17":"product_tag-jacquard-it","18":"product_tag-fatto-in-italia","19":"product_tag-negozio","21":"first","22":"instock","23":"purchasable","24":"product-type-simple"},"yoast_head":"<!-- This site is optimized with the Yoast SEO plugin v26.4 - https:\/\/yoast.com\/wordpress\/plugins\/seo\/ -->\n<title>Cravatta Extralunga Marrone-Azzurro seta 100% Made in Italy COD.CRX021 - A&amp;D Ties<\/title>\n<meta name=\"description\" content=\"Extralunga Marrone-Azzurro \u00e8 una cravatta di lunghezza extra lunga, lo stock limitato di queste cravatte davvero lussuose \u00e8 fatto con la migliore seta pesante, faticosamente rifinita a mano.\" \/>\n<meta name=\"robots\" content=\"index, follow, max-snippet:-1, max-image-preview:large, max-video-preview:-1\" \/>\n<link rel=\"canonical\" href=\"https:\/\/adties.com\/it\/shop\/cravatta-extralunga-marrone-azzurro-seta-100-made-in-italy-cod-crx021\/\" \/>\n<meta property=\"og:locale\" content=\"it_IT\" \/>\n<meta property=\"og:type\" content=\"article\" \/>\n<meta property=\"og:title\" content=\"Cravatta Extralunga Marrone-Azzurro seta 100% Made in Italy COD.CRX021 - A&amp;D Ties\" \/>\n<meta property=\"og:description\" content=\"Extralunga Marrone-Azzurro \u00e8 una cravatta di lunghezza extra lunga, lo stock limitato di queste cravatte davvero lussuose \u00e8 fatto con la migliore seta pesante, faticosamente rifinita a mano.\" \/>\n<meta property=\"og:url\" content=\"https:\/\/adties.com\/it\/shop\/cravatta-extralunga-marrone-azzurro-seta-100-made-in-italy-cod-crx021\/\" \/>\n<meta property=\"og:site_name\" content=\"A&amp;D Ties\" \/>\n<meta property=\"article:modified_time\" content=\"2025-02-10T19:10:53+00:00\" \/>\n<meta property=\"og:image\" content=\"https:\/\/adties.com\/wp-content\/uploads\/2022\/03\/Extra-Long-Ties-Brown-Light-Blue-Classic-Design-Made-in-Italy-Silk-100-COD.CRX021-1.jpg\" \/>\n\t<meta property=\"og:image:width\" content=\"1000\" \/>\n\t<meta property=\"og:image:height\" content=\"799\" \/>\n\t<meta property=\"og:image:type\" content=\"image\/jpeg\" \/>\n<meta name=\"twitter:card\" content=\"summary_large_image\" \/>\n<meta name=\"twitter:label1\" content=\"Tempo di lettura stimato\" \/>\n\t<meta name=\"twitter:data1\" content=\"1 minuto\" \/>\n<script type=\"application\/ld+json\" class=\"yoast-schema-graph\">{\"@context\":\"https:\/\/schema.org\",\"@graph\":[{\"@type\":\"WebPage\",\"@id\":\"https:\/\/adties.com\/it\/shop\/cravatta-extralunga-marrone-azzurro-seta-100-made-in-italy-cod-crx021\/\",\"url\":\"https:\/\/adties.com\/it\/shop\/cravatta-extralunga-marrone-azzurro-seta-100-made-in-italy-cod-crx021\/\",\"name\":\"Cravatta Extralunga Marrone-Azzurro seta 100% Made in Italy COD.CRX021 - A&amp;D Ties\",\"isPartOf\":{\"@id\":\"https:\/\/adties.com\/#website\"},\"primaryImageOfPage\":{\"@id\":\"https:\/\/adties.com\/it\/shop\/cravatta-extralunga-marrone-azzurro-seta-100-made-in-italy-cod-crx021\/#primaryimage\"},\"image\":{\"@id\":\"https:\/\/adties.com\/it\/shop\/cravatta-extralunga-marrone-azzurro-seta-100-made-in-italy-cod-crx021\/#primaryimage\"},\"thumbnailUrl\":\"https:\/\/adties.com\/wp-content\/uploads\/2022\/03\/Extra-Long-Ties-Brown-Light-Blue-Classic-Design-Made-in-Italy-Silk-100-COD.CRX021-1.jpg\",\"datePublished\":\"2022-03-22T09:37:01+00:00\",\"dateModified\":\"2025-02-10T19:10:53+00:00\",\"description\":\"Extralunga Marrone-Azzurro \u00e8 una cravatta di lunghezza extra lunga, lo stock limitato di queste cravatte davvero lussuose \u00e8 fatto con la migliore seta pesante, faticosamente rifinita a mano.\",\"breadcrumb\":{\"@id\":\"https:\/\/adties.com\/it\/shop\/cravatta-extralunga-marrone-azzurro-seta-100-made-in-italy-cod-crx021\/#breadcrumb\"},\"inLanguage\":\"it-IT\",\"potentialAction\":[{\"@type\":\"ReadAction\",\"target\":[\"https:\/\/adties.com\/it\/shop\/cravatta-extralunga-marrone-azzurro-seta-100-made-in-italy-cod-crx021\/\"]}]},{\"@type\":\"ImageObject\",\"inLanguage\":\"it-IT\",\"@id\":\"https:\/\/adties.com\/it\/shop\/cravatta-extralunga-marrone-azzurro-seta-100-made-in-italy-cod-crx021\/#primaryimage\",\"url\":\"https:\/\/adties.com\/wp-content\/uploads\/2022\/03\/Extra-Long-Ties-Brown-Light-Blue-Classic-Design-Made-in-Italy-Silk-100-COD.CRX021-1.jpg\",\"contentUrl\":\"https:\/\/adties.com\/wp-content\/uploads\/2022\/03\/Extra-Long-Ties-Brown-Light-Blue-Classic-Design-Made-in-Italy-Silk-100-COD.CRX021-1.jpg\",\"width\":1000,\"height\":799},{\"@type\":\"BreadcrumbList\",\"@id\":\"https:\/\/adties.com\/it\/shop\/cravatta-extralunga-marrone-azzurro-seta-100-made-in-italy-cod-crx021\/#breadcrumb\",\"itemListElement\":[{\"@type\":\"ListItem\",\"position\":1,\"name\":\"Home\",\"item\":\"https:\/\/adties.com\/it\/\"},{\"@type\":\"ListItem\",\"position\":2,\"name\":\"Shop\",\"item\":\"https:\/\/adties.com\/shop\/\"},{\"@type\":\"ListItem\",\"position\":3,\"name\":\"Cravatta Extralunga Marrone-Azzurro seta 100% Made in Italy COD.CRX021\"}]},{\"@type\":\"WebSite\",\"@id\":\"https:\/\/adties.com\/#website\",\"url\":\"https:\/\/adties.com\/\",\"name\":\"A&amp;D Ties\",\"description\":\"Made in Italy - Milano\",\"potentialAction\":[{\"@type\":\"SearchAction\",\"target\":{\"@type\":\"EntryPoint\",\"urlTemplate\":\"https:\/\/adties.com\/?s={search_term_string}\"},\"query-input\":{\"@type\":\"PropertyValueSpecification\",\"valueRequired\":true,\"valueName\":\"search_term_string\"}}],\"inLanguage\":\"it-IT\"}]}<\/script>\n<!-- \/ Yoast SEO plugin. -->","yoast_head_json":{"title":"Cravatta Extralunga Marrone-Azzurro seta 100% Made in Italy COD.CRX021 - A&amp;D Ties","description":"Extralunga Marrone-Azzurro \u00e8 una cravatta di lunghezza extra lunga, lo stock limitato di queste cravatte davvero lussuose \u00e8 fatto con la migliore seta pesante, faticosamente rifinita a mano.","robots":{"index":"index","follow":"follow","max-snippet":"max-snippet:-1","max-image-preview":"max-image-preview:large","max-video-preview":"max-video-preview:-1"},"canonical":"https:\/\/adties.com\/it\/shop\/cravatta-extralunga-marrone-azzurro-seta-100-made-in-italy-cod-crx021\/","og_locale":"it_IT","og_type":"article","og_title":"Cravatta Extralunga Marrone-Azzurro seta 100% Made in Italy COD.CRX021 - A&amp;D Ties","og_description":"Extralunga Marrone-Azzurro \u00e8 una cravatta di lunghezza extra lunga, lo stock limitato di queste cravatte davvero lussuose \u00e8 fatto con la migliore seta pesante, faticosamente rifinita a mano.","og_url":"https:\/\/adties.com\/it\/shop\/cravatta-extralunga-marrone-azzurro-seta-100-made-in-italy-cod-crx021\/","og_site_name":"A&amp;D Ties","article_modified_time":"2025-02-10T19:10:53+00:00","og_image":[{"width":1000,"height":799,"url":"https:\/\/adties.com\/wp-content\/uploads\/2022\/03\/Extra-Long-Ties-Brown-Light-Blue-Classic-Design-Made-in-Italy-Silk-100-COD.CRX021-1.jpg","type":"image\/jpeg"}],"twitter_card":"summary_large_image","twitter_misc":{"Tempo di lettura stimato":"1 minuto"},"schema":{"@context":"https:\/\/schema.org","@graph":[{"@type":"WebPage","@id":"https:\/\/adties.com\/it\/shop\/cravatta-extralunga-marrone-azzurro-seta-100-made-in-italy-cod-crx021\/","url":"https:\/\/adties.com\/it\/shop\/cravatta-extralunga-marrone-azzurro-seta-100-made-in-italy-cod-crx021\/","name":"Cravatta Extralunga Marrone-Azzurro seta 100% Made in Italy COD.CRX021 - A&amp;D Ties","isPartOf":{"@id":"https:\/\/adties.com\/#website"},"primaryImageOfPage":{"@id":"https:\/\/adties.com\/it\/shop\/cravatta-extralunga-marrone-azzurro-seta-100-made-in-italy-cod-crx021\/#primaryimage"},"image":{"@id":"https:\/\/adties.com\/it\/shop\/cravatta-extralunga-marrone-azzurro-seta-100-made-in-italy-cod-crx021\/#primaryimage"},"thumbnailUrl":"https:\/\/adties.com\/wp-content\/uploads\/2022\/03\/Extra-Long-Ties-Brown-Light-Blue-Classic-Design-Made-in-Italy-Silk-100-COD.CRX021-1.jpg","datePublished":"2022-03-22T09:37:01+00:00","dateModified":"2025-02-10T19:10:53+00:00","description":"Extralunga Marrone-Azzurro \u00e8 una cravatta di lunghezza extra lunga, lo stock limitato di queste cravatte davvero lussuose \u00e8 fatto con la migliore seta pesante, faticosamente rifinita a mano.","breadcrumb":{"@id":"https:\/\/adties.com\/it\/shop\/cravatta-extralunga-marrone-azzurro-seta-100-made-in-italy-cod-crx021\/#breadcrumb"},"inLanguage":"it-IT","potentialAction":[{"@type":"ReadAction","target":["https:\/\/adties.com\/it\/shop\/cravatta-extralunga-marrone-azzurro-seta-100-made-in-italy-cod-crx021\/"]}]},{"@type":"ImageObject","inLanguage":"it-IT","@id":"https:\/\/adties.com\/it\/shop\/cravatta-extralunga-marrone-azzurro-seta-100-made-in-italy-cod-crx021\/#primaryimage","url":"https:\/\/adties.com\/wp-content\/uploads\/2022\/03\/Extra-Long-Ties-Brown-Light-Blue-Classic-Design-Made-in-Italy-Silk-100-COD.CRX021-1.jpg","contentUrl":"https:\/\/adties.com\/wp-content\/uploads\/2022\/03\/Extra-Long-Ties-Brown-Light-Blue-Classic-Design-Made-in-Italy-Silk-100-COD.CRX021-1.jpg","width":1000,"height":799},{"@type":"BreadcrumbList","@id":"https:\/\/adties.com\/it\/shop\/cravatta-extralunga-marrone-azzurro-seta-100-made-in-italy-cod-crx021\/#breadcrumb","itemListElement":[{"@type":"ListItem","position":1,"name":"Home","item":"https:\/\/adties.com\/it\/"},{"@type":"ListItem","position":2,"name":"Shop","item":"https:\/\/adties.com\/shop\/"},{"@type":"ListItem","position":3,"name":"Cravatta Extralunga Marrone-Azzurro seta 100% Made in Italy COD.CRX021"}]},{"@type":"WebSite","@id":"https:\/\/adties.com\/#website","url":"https:\/\/adties.com\/","name":"A&amp;D Ties","description":"Made in Italy - Milano","potentialAction":[{"@type":"SearchAction","target":{"@type":"EntryPoint","urlTemplate":"https:\/\/adties.com\/?s={search_term_string}"},"query-input":{"@type":"PropertyValueSpecification","valueRequired":true,"valueName":"search_term_string"}}],"inLanguage":"it-IT"}]}},"_links":{"self":[{"href":"https:\/\/adties.com\/it\/wp-json\/wp\/v2\/product\/12750","targetHints":{"allow":["GET"]}}],"collection":[{"href":"https:\/\/adties.com\/it\/wp-json\/wp\/v2\/product"}],"about":[{"href":"https:\/\/adties.com\/it\/wp-json\/wp\/v2\/types\/product"}],"replies":[{"embeddable":true,"href":"https:\/\/adties.com\/it\/wp-json\/wp\/v2\/comments?post=12750"}],"wp:featuredmedia":[{"embeddable":true,"href":"https:\/\/adties.com\/it\/wp-json\/wp\/v2\/media\/17500"}],"wp:attachment":[{"href":"https:\/\/adties.com\/it\/wp-json\/wp\/v2\/media?parent=12750"}],"wp:term":[{"taxonomy":"product_brand","embeddable":true,"href":"https:\/\/adties.com\/it\/wp-json\/wp\/v2\/product_brand?post=12750"},{"taxonomy":"product_cat","embeddable":true,"href":"https:\/\/adties.com\/it\/wp-json\/wp\/v2\/product_cat?post=12750"},{"taxonomy":"product_tag","embeddable":true,"href":"https:\/\/adties.com\/it\/wp-json\/wp\/v2\/product_tag?post=12750"}],"curies":[{"name":"wp","href":"https:\/\/api.w.org\/{rel}","templated":true}]}}